{"id":1379,"date":"2026-01-22T06:59:01","date_gmt":"2026-01-22T06:59:01","guid":{"rendered":"https:\/\/surfaceprep.ch\/?post_type=product&#038;p=1379"},"modified":"2026-01-22T10:36:22","modified_gmt":"2026-01-22T10:36:22","slug":"dc3324-lp","status":"publish","type":"product","link":"https:\/\/surfaceprep.ch\/de\/products\/dust-collectors\/dc3324-lp\/","title":{"rendered":"DC3324-LP"},"content":{"rendered":"<table>\n<tbody>\n<tr>\n<td><strong>104000069<\/strong><\/td>\n<td><strong>5.5kw, 400V \/ 50Hz, 3-phase<\/strong><\/td>\n<\/tr>\n<tr>\n<td><strong>104000071<\/strong><\/td>\n<td><strong>5.5kw, 480V \/ 60Hz, 3-phase<\/strong><\/td>\n<\/tr>\n<tr>\n<td><strong>104000078<\/strong><\/td>\n<td><strong>5.5kw, 3x240V \/ 60Hz, 3-phase<\/strong><\/td>\n<\/tr>\n<tr>\n<td>Luftstrom<\/td>\n<td>1200 m3\/h \/ 710 cfm<\/td>\n<\/tr>\n<tr>\n<td>Reinigung<\/td>\n<td>Auto<\/td>\n<\/tr>\n<tr>\n<td>Gewicht<\/td>\n<td>330 Kg \/ 727 lbs<\/td>\n<\/tr>\n<tr>\n<td>Staubsammlung<\/td>\n<td>Longopac x2<\/td>\n<\/tr>\n<tr>\n<td>Filteranzahl<\/td>\n<td>6 pcs<\/td>\n<\/tr>\n<tr>\n<td>Filterfl\u00e4che<\/td>\n<td>33 m2 \/ 355 sqf<\/td>\n<\/tr>\n<tr>\n<td>Schlauchanschluss<\/td>\n<td>130 mm \/ 5\u201d<\/td>\n<\/tr>\n<\/tbody>\n<\/table>\n<p><strong>Hauptmerkmale<\/strong><\/p>\n<ul>\n<li>Longopac x2<\/li>\n<li>Keine Kanten und Hindernisse au\u00dferhalb des Rahmens<\/li>\n<li>Optimale Abmessungen, hohe Leistung<\/li>\n<li>Geringes Gewicht<\/li>\n<li>Hebevorrichtungen f\u00fcr einfachen Transport<\/li>\n<li>Elektro-pneumatische<\/li>\n<li>Abnehmbare, wechselbare Staubschlauchanschluss<\/li>\n<\/ul>","protected":false},"excerpt":{"rendered":"<h3>Die Filteranlage DC3324-LP ist eine kompakte und au\u00dfergew\u00f6hnlich leistungsstarke Filteranlage, die f\u00fcr den Einsatz mit mittelgro\u00dfen bis gro\u00dfen Oberfl\u00e4chenvorbereitungsger\u00e4ten konzipiert ist. Neue innovative Details sorgen f\u00fcr verbesserte Handhabung auf der Baustelle.<\/h3>","protected":false},"featured_media":1380,"template":"","meta":{"ocean_post_layout":"","ocean_both_sidebars_style":"","ocean_both_sidebars_content_width":0,"ocean_both_sidebars_sidebars_width":0,"ocean_sidebar":"0","ocean_second_sidebar":"0","ocean_disable_margins":"enable","ocean_add_body_class":"","ocean_shortcode_before_top_bar":"","ocean_shortcode_after_top_bar":"","ocean_shortcode_before_header":"","ocean_shortcode_after_header":"","ocean_has_shortcode":"","ocean_shortcode_after_title":"","ocean_shortcode_before_footer_widgets":"","ocean_shortcode_after_footer_widgets":"","ocean_shortcode_before_footer_bottom":"","ocean_shortcode_after_footer_bottom":"","ocean_display_top_bar":"default","ocean_display_header":"default","ocean_header_style":"","ocean_center_header_left_menu":"0","ocean_custom_header_template":"0","ocean_custom_logo":0,"ocean_custom_retina_logo":0,"ocean_custom_logo_max_width":0,"ocean_custom_logo_tablet_max_width":0,"ocean_custom_logo_mobile_max_width":0,"ocean_custom_logo_max_height":0,"ocean_custom_logo_tablet_max_height":0,"ocean_custom_logo_mobile_max_height":0,"ocean_header_custom_menu":"0","ocean_menu_typo_font_family":"0","ocean_menu_typo_font_subset":"","ocean_menu_typo_font_size":0,"ocean_menu_typo_font_size_tablet":0,"ocean_menu_typo_font_size_mobile":0,"ocean_menu_typo_font_size_unit":"px","ocean_menu_typo_font_weight":"","ocean_menu_typo_font_weight_tablet":"","ocean_menu_typo_font_weight_mobile":"","ocean_menu_typo_transform":"","ocean_menu_typo_transform_tablet":"","ocean_menu_typo_transform_mobile":"","ocean_menu_typo_line_height":0,"ocean_menu_typo_line_height_tablet":0,"ocean_menu_typo_line_height_mobile":0,"ocean_menu_typo_line_height_unit":"","ocean_menu_typo_spacing":0,"ocean_menu_typo_spacing_tablet":0,"ocean_menu_typo_spacing_mobile":0,"ocean_menu_typo_spacing_unit":"","ocean_menu_link_color":"","ocean_menu_link_color_hover":"","ocean_menu_link_color_active":"","ocean_menu_link_background":"","ocean_menu_link_hover_background":"","ocean_menu_link_active_background":"","ocean_menu_social_links_bg":"","ocean_menu_social_hover_links_bg":"","ocean_menu_social_links_color":"","ocean_menu_social_hover_links_color":"","ocean_disable_title":"default","ocean_disable_heading":"default","ocean_post_title":"","ocean_post_subheading":"","ocean_post_title_style":"","ocean_post_title_background_color":"","ocean_post_title_background":0,"ocean_post_title_bg_image_position":"","ocean_post_title_bg_image_attachment":"","ocean_post_title_bg_image_repeat":"","ocean_post_title_bg_image_size":"","ocean_post_title_height":0,"ocean_post_title_bg_overlay":0.5,"ocean_post_title_bg_overlay_color":"","ocean_disable_breadcrumbs":"default","ocean_breadcrumbs_color":"","ocean_breadcrumbs_separator_color":"","ocean_breadcrumbs_links_color":"","ocean_breadcrumbs_links_hover_color":"","ocean_display_footer_widgets":"default","ocean_display_footer_bottom":"default","ocean_custom_footer_template":"0"},"product_brand":[],"product_cat":[71],"product_tag":[],"class_list":{"0":"post-1379","1":"product","2":"type-product","3":"status-publish","4":"has-post-thumbnail","6":"product_cat-dust-collectors","8":"entry","9":"has-media","11":"first","12":"instock","13":"shipping-taxable","14":"product-type-simple","15":"has-product-nav","16":"col","17":"span_1_of_3","18":"owp-content-center","19":"owp-thumbs-layout-horizontal","20":"owp-btn-normal","21":"owp-tabs-layout-horizontal","22":"has-no-thumbnails"},"jetpack_sharing_enabled":true,"_links":{"self":[{"href":"https:\/\/surfaceprep.ch\/de\/wp-json\/wp\/v2\/product\/1379","targetHints":{"allow":["GET"]}}],"collection":[{"href":"https:\/\/surfaceprep.ch\/de\/wp-json\/wp\/v2\/product"}],"about":[{"href":"https:\/\/surfaceprep.ch\/de\/wp-json\/wp\/v2\/types\/product"}],"wp:featuredmedia":[{"embeddable":true,"href":"https:\/\/surfaceprep.ch\/de\/wp-json\/wp\/v2\/media\/1380"}],"wp:attachment":[{"href":"https:\/\/surfaceprep.ch\/de\/wp-json\/wp\/v2\/media?parent=1379"}],"wp:term":[{"taxonomy":"product_brand","embeddable":true,"href":"https:\/\/surfaceprep.ch\/de\/wp-json\/wp\/v2\/product_brand?post=1379"},{"taxonomy":"product_cat","embeddable":true,"href":"https:\/\/surfaceprep.ch\/de\/wp-json\/wp\/v2\/product_cat?post=1379"},{"taxonomy":"product_tag","embeddable":true,"href":"https:\/\/surfaceprep.ch\/de\/wp-json\/wp\/v2\/product_tag?post=1379"}],"curies":[{"name":"wp","href":"https:\/\/api.w.org\/{rel}","templated":true}]}}