{"id":365,"date":"2023-07-18T08:11:57","date_gmt":"2023-07-18T08:11:57","guid":{"rendered":"https:\/\/surfaceprep.ch\/?post_type=product&#038;p=365"},"modified":"2024-02-08T09:37:59","modified_gmt":"2024-02-08T09:37:59","slug":"va-10-l","status":"publish","type":"product","link":"https:\/\/surfaceprep.ch\/de\/products\/scarifiers\/va-10-l\/va-10-l\/","title":{"rendered":"VA 10 L"},"content":{"rendered":"<table class=\"light\">\n<tbody>\n<tr>\n<td>Gewicht:<\/td>\n<td>24Kg\/53lbs<\/td>\n<\/tr>\n<tr>\n<td>Elektrische Leistung:<\/td>\n<td>230V \/ 50Hz<\/td>\n<\/tr>\n<tr>\n<td>Leistung in Watt:<\/td>\n<td>2.2 kW<\/td>\n<\/tr>\n<tr>\n<td>Arbeitsbreite:<\/td>\n<td>10cm<\/td>\n<\/tr>\n<tr>\n<td>Abstand zur Wand:<\/td>\n<td>20mm (0.8\u201c)<\/td>\n<\/tr>\n<tr>\n<td>Abmessungen:<\/td>\n<td>330 x 360 x 1320mm (13 x 14 x 52\u201c)<\/td>\n<\/tr>\n<tr>\n<td>Standard-Fr\u00e4ser:<\/td>\n<td>Pentagonal Fr\u00e4ser oder als Ihr Wunsch<\/td>\n<\/tr>\n<\/tbody>\n<\/table>","protected":false},"excerpt":{"rendered":"<div class=\"elementor-text-editor elementor-clearfix\">\n<div class=\"elementStandard elementContent elementText elementText_var0\">\n<p>Die VA 10 L ist besonders geeignet zum Aufrauen und Reinigung von kleinen Fl\u00e4chen und engen Kurven. Es ist daher ausgestattet mit einem drehbaren Handgriff. Zus\u00e4tzlich, die Maschine ist auch entwickelt, um laufen mit 230V Haushalts-Steckdose zu ziehen. Verschiedene Fr\u00e4ser montiert werden kann zu Anzug verschiedene Anwendungen.<\/p>\n<\/div>\n<\/div>","protected":false},"featured_media":420,"template":"","meta":{"ocean_post_layout":"full-width","ocean_both_sidebars_style":"","ocean_both_sidebars_content_width":0,"ocean_both_sidebars_sidebars_width":0,"ocean_sidebar":"0","ocean_second_sidebar":"0","ocean_disable_margins":"enable","ocean_add_body_class":"","ocean_shortcode_before_top_bar":"","ocean_shortcode_after_top_bar":"","ocean_shortcode_before_header":"","ocean_shortcode_after_header":"","ocean_has_shortcode":"","ocean_shortcode_after_title":"","ocean_shortcode_before_footer_widgets":"","ocean_shortcode_after_footer_widgets":"","ocean_shortcode_before_footer_bottom":"","ocean_shortcode_after_footer_bottom":"","ocean_display_top_bar":"default","ocean_display_header":"default","ocean_header_style":"","ocean_center_header_left_menu":"0","ocean_custom_header_template":"0","ocean_custom_logo":0,"ocean_custom_retina_logo":0,"ocean_custom_logo_max_width":0,"ocean_custom_logo_tablet_max_width":0,"ocean_custom_logo_mobile_max_width":0,"ocean_custom_logo_max_height":0,"ocean_custom_logo_tablet_max_height":0,"ocean_custom_logo_mobile_max_height":0,"ocean_header_custom_menu":"0","ocean_menu_typo_font_family":"0","ocean_menu_typo_font_subset":"","ocean_menu_typo_font_size":0,"ocean_menu_typo_font_size_tablet":0,"ocean_menu_typo_font_size_mobile":0,"ocean_menu_typo_font_size_unit":"px","ocean_menu_typo_font_weight":"","ocean_menu_typo_font_weight_tablet":"","ocean_menu_typo_font_weight_mobile":"","ocean_menu_typo_transform":"","ocean_menu_typo_transform_tablet":"","ocean_menu_typo_transform_mobile":"","ocean_menu_typo_line_height":0,"ocean_menu_typo_line_height_tablet":0,"ocean_menu_typo_line_height_mobile":0,"ocean_menu_typo_line_height_unit":"","ocean_menu_typo_spacing":0,"ocean_menu_typo_spacing_tablet":0,"ocean_menu_typo_spacing_mobile":0,"ocean_menu_typo_spacing_unit":"","ocean_menu_link_color":"","ocean_menu_link_color_hover":"","ocean_menu_link_color_active":"","ocean_menu_link_background":"","ocean_menu_link_hover_background":"","ocean_menu_link_active_background":"","ocean_menu_social_links_bg":"","ocean_menu_social_hover_links_bg":"","ocean_menu_social_links_color":"","ocean_menu_social_hover_links_color":"","ocean_disable_title":"default","ocean_disable_heading":"default","ocean_post_title":"","ocean_post_subheading":"","ocean_post_title_style":"","ocean_post_title_background_color":"","ocean_post_title_background":0,"ocean_post_title_bg_image_position":"","ocean_post_title_bg_image_attachment":"","ocean_post_title_bg_image_repeat":"","ocean_post_title_bg_image_size":"","ocean_post_title_height":0,"ocean_post_title_bg_overlay":0.5,"ocean_post_title_bg_overlay_color":"","ocean_disable_breadcrumbs":"default","ocean_breadcrumbs_color":"","ocean_breadcrumbs_separator_color":"","ocean_breadcrumbs_links_color":"","ocean_breadcrumbs_links_hover_color":"","ocean_display_footer_widgets":"default","ocean_display_footer_bottom":"default","ocean_custom_footer_template":"0"},"product_brand":[],"product_cat":[27,52],"product_tag":[],"class_list":{"0":"post-365","1":"product","2":"type-product","3":"status-publish","4":"has-post-thumbnail","6":"product_cat-scarifiers","7":"product_cat-va-10-l","9":"entry","10":"has-media","12":"first","13":"instock","14":"shipping-taxable","15":"product-type-simple","16":"has-product-nav","17":"col","18":"span_1_of_3","19":"owp-content-center","20":"owp-thumbs-layout-horizontal","21":"owp-btn-normal","22":"owp-tabs-layout-horizontal","23":"has-no-thumbnails"},"jetpack_sharing_enabled":true,"_links":{"self":[{"href":"https:\/\/surfaceprep.ch\/de\/wp-json\/wp\/v2\/product\/365","targetHints":{"allow":["GET"]}}],"collection":[{"href":"https:\/\/surfaceprep.ch\/de\/wp-json\/wp\/v2\/product"}],"about":[{"href":"https:\/\/surfaceprep.ch\/de\/wp-json\/wp\/v2\/types\/product"}],"wp:featuredmedia":[{"embeddable":true,"href":"https:\/\/surfaceprep.ch\/de\/wp-json\/wp\/v2\/media\/420"}],"wp:attachment":[{"href":"https:\/\/surfaceprep.ch\/de\/wp-json\/wp\/v2\/media?parent=365"}],"wp:term":[{"taxonomy":"product_brand","embeddable":true,"href":"https:\/\/surfaceprep.ch\/de\/wp-json\/wp\/v2\/product_brand?post=365"},{"taxonomy":"product_cat","embeddable":true,"href":"https:\/\/surfaceprep.ch\/de\/wp-json\/wp\/v2\/product_cat?post=365"},{"taxonomy":"product_tag","embeddable":true,"href":"https:\/\/surfaceprep.ch\/de\/wp-json\/wp\/v2\/product_tag?post=365"}],"curies":[{"name":"wp","href":"https:\/\/api.w.org\/{rel}","templated":true}]}}