{"id":678,"date":"2023-10-10T12:33:17","date_gmt":"2023-10-10T12:33:17","guid":{"rendered":"https:\/\/surfaceprep.ch\/?post_type=product&#038;p=678"},"modified":"2024-02-08T10:13:13","modified_gmt":"2024-02-08T10:13:13","slug":"va-30-sh-with-hydraulic-traction-400v-50hz","status":"publish","type":"product","link":"https:\/\/surfaceprep.ch\/de\/products\/scarifiers\/va-30-sh\/va-30-sh-with-hydraulic-traction-400v-50hz\/","title":{"rendered":"VA 30 SH, 400V, 50HZ"},"content":{"rendered":"<table width=\"432\">\n<tbody>\n<tr>\n<td width=\"164\">Spannung<\/td>\n<td width=\"268\">400V, 50HZ<\/td>\n<\/tr>\n<tr>\n<td>Leistung<\/td>\n<td width=\"268\">7,5Kw<\/td>\n<\/tr>\n<tr>\n<td width=\"164\">Gewicht<\/td>\n<td width=\"268\">305.4Kg\/673lbs<\/td>\n<\/tr>\n<tr>\n<td width=\"164\">Arbeitsbreite<\/td>\n<td width=\"268\">30cm\/12&#034;<\/td>\n<\/tr>\n<tr>\n<td width=\"164\">Abstand zur Wand<\/td>\n<td width=\"268\">9cm\/3.5&#034;<\/td>\n<\/tr>\n<tr>\n<td width=\"164\">Tiefe Hartbeton<\/td>\n<td width=\"268\">7mm\/.27\u2033<\/td>\n<\/tr>\n<tr>\n<td width=\"164\">Tiefe Normalbeton<\/td>\n<td width=\"268\">10mm\/.40&#034;<\/td>\n<\/tr>\n<tr>\n<td width=\"164\">Abtrag\/h<\/td>\n<td width=\"268\">50-55m2\/540sqf<\/td>\n<\/tr>\n<tr>\n<td width=\"164\">Abmessungen cm\/inch<\/td>\n<td width=\"268\">135x56x109\/53x22x43<\/td>\n<\/tr>\n<tr>\n<td>Standard-Werkzeug im Lieferumfang enthalten<\/td>\n<td>Trommel mit Achtkant-Lamellen<\/td>\n<\/tr>\n<\/tbody>\n<\/table>","protected":false},"excerpt":{"rendered":"<p><strong>Arbeitsbreite: 300 mm<\/strong>.<br \/>\nIdeal zum Aufrauen, Rillieren, Reinigen oder Abtragen von Schichten auf gepflasterten Fl\u00e4chen. Die stufenlose Tiefenverstellung der VA 30 SH erm\u00f6glicht eine nahtlose Anpassung an jeden Untergrund. Die Arbeit wird durch ein Vibrationsd\u00e4mpfungssystem und eine benutzerfreundliche Handhabung noch angenehmer und effizienter. Die VA 30 SH ist eine Hochleistungs-Fl\u00e4chenbearbeitungsmaschine, die m\u00fchelos selbst \u00fcber die schwierigsten Untergrundverh\u00e4ltnisse gleitet. Durch den Einsatz verschiedener Lamellen k\u00f6nnen unterschiedliche Anwendungen abgedeckt werden.<\/p>\n<p>&nbsp;<\/p>","protected":false},"featured_media":679,"template":"","meta":{"ocean_post_layout":"full-width","ocean_both_sidebars_style":"","ocean_both_sidebars_content_width":0,"ocean_both_sidebars_sidebars_width":0,"ocean_sidebar":"0","ocean_second_sidebar":"0","ocean_disable_margins":"enable","ocean_add_body_class":"","ocean_shortcode_before_top_bar":"","ocean_shortcode_after_top_bar":"","ocean_shortcode_before_header":"","ocean_shortcode_after_header":"","ocean_has_shortcode":"","ocean_shortcode_after_title":"","ocean_shortcode_before_footer_widgets":"","ocean_shortcode_after_footer_widgets":"","ocean_shortcode_before_footer_bottom":"","ocean_shortcode_after_footer_bottom":"","ocean_display_top_bar":"default","ocean_display_header":"default","ocean_header_style":"","ocean_center_header_left_menu":"0","ocean_custom_header_template":"0","ocean_custom_logo":0,"ocean_custom_retina_logo":0,"ocean_custom_logo_max_width":0,"ocean_custom_logo_tablet_max_width":0,"ocean_custom_logo_mobile_max_width":0,"ocean_custom_logo_max_height":0,"ocean_custom_logo_tablet_max_height":0,"ocean_custom_logo_mobile_max_height":0,"ocean_header_custom_menu":"0","ocean_menu_typo_font_family":"0","ocean_menu_typo_font_subset":"","ocean_menu_typo_font_size":0,"ocean_menu_typo_font_size_tablet":0,"ocean_menu_typo_font_size_mobile":0,"ocean_menu_typo_font_size_unit":"px","ocean_menu_typo_font_weight":"","ocean_menu_typo_font_weight_tablet":"","ocean_menu_typo_font_weight_mobile":"","ocean_menu_typo_transform":"","ocean_menu_typo_transform_tablet":"","ocean_menu_typo_transform_mobile":"","ocean_menu_typo_line_height":0,"ocean_menu_typo_line_height_tablet":0,"ocean_menu_typo_line_height_mobile":0,"ocean_menu_typo_line_height_unit":"","ocean_menu_typo_spacing":0,"ocean_menu_typo_spacing_tablet":0,"ocean_menu_typo_spacing_mobile":0,"ocean_menu_typo_spacing_unit":"","ocean_menu_link_color":"","ocean_menu_link_color_hover":"","ocean_menu_link_color_active":"","ocean_menu_link_background":"","ocean_menu_link_hover_background":"","ocean_menu_link_active_background":"","ocean_menu_social_links_bg":"","ocean_menu_social_hover_links_bg":"","ocean_menu_social_links_color":"","ocean_menu_social_hover_links_color":"","ocean_disable_title":"default","ocean_disable_heading":"default","ocean_post_title":"","ocean_post_subheading":"","ocean_post_title_style":"","ocean_post_title_background_color":"","ocean_post_title_background":0,"ocean_post_title_bg_image_position":"","ocean_post_title_bg_image_attachment":"","ocean_post_title_bg_image_repeat":"","ocean_post_title_bg_image_size":"","ocean_post_title_height":0,"ocean_post_title_bg_overlay":0.5,"ocean_post_title_bg_overlay_color":"","ocean_disable_breadcrumbs":"default","ocean_breadcrumbs_color":"","ocean_breadcrumbs_separator_color":"","ocean_breadcrumbs_links_color":"","ocean_breadcrumbs_links_hover_color":"","ocean_display_footer_widgets":"default","ocean_display_footer_bottom":"default","ocean_custom_footer_template":"0"},"product_brand":[],"product_cat":[27,56],"product_tag":[],"class_list":{"0":"post-678","1":"product","2":"type-product","3":"status-publish","4":"has-post-thumbnail","6":"product_cat-scarifiers","7":"product_cat-va-30-sh","9":"entry","10":"has-media","12":"first","13":"instock","14":"shipping-taxable","15":"product-type-simple","16":"has-product-nav","17":"col","18":"span_1_of_3","19":"owp-content-center","20":"owp-thumbs-layout-horizontal","21":"owp-btn-normal","22":"owp-tabs-layout-horizontal","23":"has-no-thumbnails"},"jetpack_sharing_enabled":true,"_links":{"self":[{"href":"https:\/\/surfaceprep.ch\/de\/wp-json\/wp\/v2\/product\/678","targetHints":{"allow":["GET"]}}],"collection":[{"href":"https:\/\/surfaceprep.ch\/de\/wp-json\/wp\/v2\/product"}],"about":[{"href":"https:\/\/surfaceprep.ch\/de\/wp-json\/wp\/v2\/types\/product"}],"wp:featuredmedia":[{"embeddable":true,"href":"https:\/\/surfaceprep.ch\/de\/wp-json\/wp\/v2\/media\/679"}],"wp:attachment":[{"href":"https:\/\/surfaceprep.ch\/de\/wp-json\/wp\/v2\/media?parent=678"}],"wp:term":[{"taxonomy":"product_brand","embeddable":true,"href":"https:\/\/surfaceprep.ch\/de\/wp-json\/wp\/v2\/product_brand?post=678"},{"taxonomy":"product_cat","embeddable":true,"href":"https:\/\/surfaceprep.ch\/de\/wp-json\/wp\/v2\/product_cat?post=678"},{"taxonomy":"product_tag","embeddable":true,"href":"https:\/\/surfaceprep.ch\/de\/wp-json\/wp\/v2\/product_tag?post=678"}],"curies":[{"name":"wp","href":"https:\/\/api.w.org\/{rel}","templated":true}]}}