{"id":691,"date":"2023-10-10T12:52:28","date_gmt":"2023-10-10T12:52:28","guid":{"rendered":"https:\/\/surfaceprep.ch\/?post_type=product&#038;p=691"},"modified":"2024-02-08T10:54:51","modified_gmt":"2024-02-08T10:54:51","slug":"dtf-25-sh-lpg-honda-propane","status":"publish","type":"product","link":"https:\/\/surfaceprep.ch\/de\/products\/shavers\/dtf-25-sh\/dtf-25-sh-lpg-honda-propane\/","title":{"rendered":"DTF 25 SH LPG, Honda, Propan"},"content":{"rendered":"<table>\n<tbody>\n<tr>\n<td>Motor\/Leistung<\/td>\n<td>Honda 22 PS, 16.5 kW, Propan<\/td>\n<\/tr>\n<tr>\n<td>Leistung<\/td>\n<td>11Kw\/14,8 PS<\/td>\n<\/tr>\n<tr>\n<td>Gewicht<\/td>\n<td>240Kg\/529 lbs<\/td>\n<\/tr>\n<tr>\n<td>Arbeitsbreite<\/td>\n<td>25cm\/10&#034;<\/td>\n<\/tr>\n<tr>\n<td>Abstand zur Wand<\/td>\n<td>6.7 cm\/2.6&#034;<\/td>\n<\/tr>\n<tr>\n<td>Tiefe Hartbeton<\/td>\n<td>10mm\/.40&#034;<\/td>\n<\/tr>\n<tr>\n<td>Tiefe Normalbeton<\/td>\n<td>12mm\/.48&#034;<\/td>\n<\/tr>\n<tr>\n<td>Abtrag\/h<\/td>\n<td>540-595 f2\/h, 50-55 m2\/h auf maximaler Tiefe<\/td>\n<\/tr>\n<tr>\n<td>Abmessungen cm\/inch<\/td>\n<td>115x48x115\/45x19x45<\/td>\n<\/tr>\n<tr>\n<td>Standard-Werkzeug im Lieferumfang enthalten<\/td>\n<td>Trommel mit 73 Diamantscheiben, 125 mm\/5\"<\/td>\n<\/tr>\n<\/tbody>\n<\/table>","protected":false},"excerpt":{"rendered":"<p><strong>Arbeitsbreite: 250 mm.<\/strong><br \/>\nMit dem DTF 25 SH wird die Oberfl\u00e4che schonend \"abgeschliffen\", anstatt sie \"abzusplittern\". Diese Maschine ist daher besonders laufruhig und erzeugt eine glatte Oberfl\u00e4che. Der DTF 25 SH besitzt eine Trommel, die mit Diamantklingen best\u00fcckt ist. Sie tr\u00e4gt das Material sehr pr\u00e4zise ab. Zum Rillieren oder Fr\u00e4sen k\u00f6nnen Sie zwischen zwei verschiedenen Diamantscheiben w\u00e4hlen: eine f\u00fcr die grobe und eine f\u00fcr die glatte Oberfl\u00e4chenbearbeitung. Das Wasserk\u00fchlsystem kann zur besseren Vermeidung von \u00dcberhitzung angeschlossen werden. Die Maschine ist als 11-kW-Elektroversion mit einem hydraulischen Fahrantrieb erh\u00e4ltlich.<\/p>","protected":false},"featured_media":692,"template":"","meta":{"ocean_post_layout":"","ocean_both_sidebars_style":"","ocean_both_sidebars_content_width":0,"ocean_both_sidebars_sidebars_width":0,"ocean_sidebar":"0","ocean_second_sidebar":"0","ocean_disable_margins":"enable","ocean_add_body_class":"","ocean_shortcode_before_top_bar":"","ocean_shortcode_after_top_bar":"","ocean_shortcode_before_header":"","ocean_shortcode_after_header":"","ocean_has_shortcode":"","ocean_shortcode_after_title":"","ocean_shortcode_before_footer_widgets":"","ocean_shortcode_after_footer_widgets":"","ocean_shortcode_before_footer_bottom":"","ocean_shortcode_after_footer_bottom":"","ocean_display_top_bar":"default","ocean_display_header":"default","ocean_header_style":"","ocean_center_header_left_menu":"0","ocean_custom_header_template":"0","ocean_custom_logo":0,"ocean_custom_retina_logo":0,"ocean_custom_logo_max_width":0,"ocean_custom_logo_tablet_max_width":0,"ocean_custom_logo_mobile_max_width":0,"ocean_custom_logo_max_height":0,"ocean_custom_logo_tablet_max_height":0,"ocean_custom_logo_mobile_max_height":0,"ocean_header_custom_menu":"0","ocean_menu_typo_font_family":"0","ocean_menu_typo_font_subset":"","ocean_menu_typo_font_size":0,"ocean_menu_typo_font_size_tablet":0,"ocean_menu_typo_font_size_mobile":0,"ocean_menu_typo_font_size_unit":"px","ocean_menu_typo_font_weight":"","ocean_menu_typo_font_weight_tablet":"","ocean_menu_typo_font_weight_mobile":"","ocean_menu_typo_transform":"","ocean_menu_typo_transform_tablet":"","ocean_menu_typo_transform_mobile":"","ocean_menu_typo_line_height":0,"ocean_menu_typo_line_height_tablet":0,"ocean_menu_typo_line_height_mobile":0,"ocean_menu_typo_line_height_unit":"","ocean_menu_typo_spacing":0,"ocean_menu_typo_spacing_tablet":0,"ocean_menu_typo_spacing_mobile":0,"ocean_menu_typo_spacing_unit":"","ocean_menu_link_color":"","ocean_menu_link_color_hover":"","ocean_menu_link_color_active":"","ocean_menu_link_background":"","ocean_menu_link_hover_background":"","ocean_menu_link_active_background":"","ocean_menu_social_links_bg":"","ocean_menu_social_hover_links_bg":"","ocean_menu_social_links_color":"","ocean_menu_social_hover_links_color":"","ocean_disable_title":"default","ocean_disable_heading":"default","ocean_post_title":"","ocean_post_subheading":"","ocean_post_title_style":"","ocean_post_title_background_color":"","ocean_post_title_background":0,"ocean_post_title_bg_image_position":"","ocean_post_title_bg_image_attachment":"","ocean_post_title_bg_image_repeat":"","ocean_post_title_bg_image_size":"","ocean_post_title_height":0,"ocean_post_title_bg_overlay":0.5,"ocean_post_title_bg_overlay_color":"","ocean_disable_breadcrumbs":"default","ocean_breadcrumbs_color":"","ocean_breadcrumbs_separator_color":"","ocean_breadcrumbs_links_color":"","ocean_breadcrumbs_links_hover_color":"","ocean_display_footer_widgets":"default","ocean_display_footer_bottom":"default","ocean_custom_footer_template":"0"},"product_brand":[],"product_cat":[57,45],"product_tag":[],"class_list":{"0":"post-691","1":"product","2":"type-product","3":"status-publish","4":"has-post-thumbnail","6":"product_cat-dtf-25-sh","7":"product_cat-shavers","9":"entry","10":"has-media","12":"first","13":"instock","14":"shipping-taxable","15":"product-type-simple","16":"has-product-nav","17":"col","18":"span_1_of_3","19":"owp-content-center","20":"owp-thumbs-layout-horizontal","21":"owp-btn-normal","22":"owp-tabs-layout-horizontal","23":"has-no-thumbnails"},"jetpack_sharing_enabled":true,"_links":{"self":[{"href":"https:\/\/surfaceprep.ch\/de\/wp-json\/wp\/v2\/product\/691","targetHints":{"allow":["GET"]}}],"collection":[{"href":"https:\/\/surfaceprep.ch\/de\/wp-json\/wp\/v2\/product"}],"about":[{"href":"https:\/\/surfaceprep.ch\/de\/wp-json\/wp\/v2\/types\/product"}],"wp:featuredmedia":[{"embeddable":true,"href":"https:\/\/surfaceprep.ch\/de\/wp-json\/wp\/v2\/media\/692"}],"wp:attachment":[{"href":"https:\/\/surfaceprep.ch\/de\/wp-json\/wp\/v2\/media?parent=691"}],"wp:term":[{"taxonomy":"product_brand","embeddable":true,"href":"https:\/\/surfaceprep.ch\/de\/wp-json\/wp\/v2\/product_brand?post=691"},{"taxonomy":"product_cat","embeddable":true,"href":"https:\/\/surfaceprep.ch\/de\/wp-json\/wp\/v2\/product_cat?post=691"},{"taxonomy":"product_tag","embeddable":true,"href":"https:\/\/surfaceprep.ch\/de\/wp-json\/wp\/v2\/product_tag?post=691"}],"curies":[{"name":"wp","href":"https:\/\/api.w.org\/{rel}","templated":true}]}}