{"id":737,"date":"2023-10-10T17:25:12","date_gmt":"2023-10-10T17:25:12","guid":{"rendered":"https:\/\/surfaceprep.ch\/?post_type=product&#038;p=737"},"modified":"2023-10-10T17:25:41","modified_gmt":"2023-10-10T17:25:41","slug":"s2-dust-extractor-us","status":"publish","type":"product","link":"https:\/\/surfaceprep.ch\/de\/products\/dust-extractors\/needle-scalers-dust-extractors\/s2-dust-extractor-us\/","title":{"rendered":"S2 Industriestaubsauger UNS"},"content":{"rendered":"<table width=\"260\">\n<tbody>\n<tr>\n<td width=\"145\">Motor<\/td>\n<td width=\"115\">2x1200W<\/td>\n<\/tr>\n<tr>\n<td>Spannung<\/td>\n<td>110V \/ 60Hz<\/td>\n<\/tr>\n<tr>\n<td>Stromst\u00e4rke<\/td>\n<td>15A<\/td>\n<\/tr>\n<tr>\n<td>Gewicht<\/td>\n<td>114lbs<\/td>\n<\/tr>\n<tr>\n<td>Air flow<\/td>\n<td>235 cfm<\/td>\n<\/tr>\n<tr>\n<td>Vakuum (kPa)<\/td>\n<td>100\u2033 water lift<\/td>\n<\/tr>\n<tr>\n<td>Pre-filter<\/td>\n<td>Conical Polyester<\/td>\n<\/tr>\n<tr>\n<td>HEPA-filter<\/td>\n<td>H13<\/td>\n<\/tr>\n<tr>\n<td>Jet-puls Abreinigung des filters<\/td>\n<td>Ja<\/td>\n<\/tr>\n<tr>\n<td>Sammlung<\/td>\n<td>Longopac<\/td>\n<\/tr>\n<tr>\n<td>Gr\u00f6\u00dfe<\/td>\n<td>30x21x51\u2033<\/td>\n<\/tr>\n<\/tbody>\n<\/table>","protected":false},"excerpt":{"rendered":"<p>Wir stellen unseren robusten einphasigen vor Industriestaubsauger, mit kraftvollen 1200 w Motoren f\u00fcr herausragende Leistung und Portabilit\u00e4t, erh\u00e4ltlich in 230V und 110V-Optionen.<\/p>","protected":false},"featured_media":733,"template":"","meta":{"ocean_post_layout":"full-width","ocean_both_sidebars_style":"","ocean_both_sidebars_content_width":0,"ocean_both_sidebars_sidebars_width":0,"ocean_sidebar":"0","ocean_second_sidebar":"0","ocean_disable_margins":"on","ocean_add_body_class":"","ocean_shortcode_before_top_bar":"","ocean_shortcode_after_top_bar":"","ocean_shortcode_before_header":"","ocean_shortcode_after_header":"","ocean_has_shortcode":"","ocean_shortcode_after_title":"","ocean_shortcode_before_footer_widgets":"","ocean_shortcode_after_footer_widgets":"","ocean_shortcode_before_footer_bottom":"","ocean_shortcode_after_footer_bottom":"","ocean_display_top_bar":"default","ocean_display_header":"default","ocean_header_style":"","ocean_center_header_left_menu":"0","ocean_custom_header_template":"0","ocean_custom_logo":0,"ocean_custom_retina_logo":0,"ocean_custom_logo_max_width":0,"ocean_custom_logo_tablet_max_width":0,"ocean_custom_logo_mobile_max_width":0,"ocean_custom_logo_max_height":0,"ocean_custom_logo_tablet_max_height":0,"ocean_custom_logo_mobile_max_height":0,"ocean_header_custom_menu":"0","ocean_menu_typo_font_family":"0","ocean_menu_typo_font_subset":"","ocean_menu_typo_font_size":0,"ocean_menu_typo_font_size_tablet":0,"ocean_menu_typo_font_size_mobile":0,"ocean_menu_typo_font_size_unit":"px","ocean_menu_typo_font_weight":"","ocean_menu_typo_font_weight_tablet":"","ocean_menu_typo_font_weight_mobile":"","ocean_menu_typo_transform":"","ocean_menu_typo_transform_tablet":"","ocean_menu_typo_transform_mobile":"","ocean_menu_typo_line_height":0,"ocean_menu_typo_line_height_tablet":0,"ocean_menu_typo_line_height_mobile":0,"ocean_menu_typo_line_height_unit":"","ocean_menu_typo_spacing":0,"ocean_menu_typo_spacing_tablet":0,"ocean_menu_typo_spacing_mobile":0,"ocean_menu_typo_spacing_unit":"","ocean_menu_link_color":"","ocean_menu_link_color_hover":"","ocean_menu_link_color_active":"","ocean_menu_link_background":"","ocean_menu_link_hover_background":"","ocean_menu_link_active_background":"","ocean_menu_social_links_bg":"","ocean_menu_social_hover_links_bg":"","ocean_menu_social_links_color":"","ocean_menu_social_hover_links_color":"","ocean_disable_title":"default","ocean_disable_heading":"default","ocean_post_title":"","ocean_post_subheading":"","ocean_post_title_style":"","ocean_post_title_background_color":"","ocean_post_title_background":0,"ocean_post_title_bg_image_position":"","ocean_post_title_bg_image_attachment":"","ocean_post_title_bg_image_repeat":"","ocean_post_title_bg_image_size":"","ocean_post_title_height":0,"ocean_post_title_bg_overlay":0.5,"ocean_post_title_bg_overlay_color":"","ocean_disable_breadcrumbs":"default","ocean_breadcrumbs_color":"","ocean_breadcrumbs_separator_color":"","ocean_breadcrumbs_links_color":"","ocean_breadcrumbs_links_hover_color":"","ocean_display_footer_widgets":"default","ocean_display_footer_bottom":"default","ocean_custom_footer_template":"0"},"product_brand":[],"product_cat":[47,59],"product_tag":[],"class_list":{"0":"post-737","1":"product","2":"type-product","3":"status-publish","4":"has-post-thumbnail","6":"product_cat-dust-extractors","7":"product_cat-needle-scalers-dust-extractors","9":"entry","10":"has-media","12":"first","13":"instock","14":"shipping-taxable","15":"product-type-simple","16":"has-product-nav","17":"col","18":"span_1_of_3","19":"owp-content-center","20":"owp-thumbs-layout-horizontal","21":"owp-btn-normal","22":"owp-tabs-layout-horizontal","23":"has-no-thumbnails"},"jetpack_sharing_enabled":true,"_links":{"self":[{"href":"https:\/\/surfaceprep.ch\/de\/wp-json\/wp\/v2\/product\/737","targetHints":{"allow":["GET"]}}],"collection":[{"href":"https:\/\/surfaceprep.ch\/de\/wp-json\/wp\/v2\/product"}],"about":[{"href":"https:\/\/surfaceprep.ch\/de\/wp-json\/wp\/v2\/types\/product"}],"wp:featuredmedia":[{"embeddable":true,"href":"https:\/\/surfaceprep.ch\/de\/wp-json\/wp\/v2\/media\/733"}],"wp:attachment":[{"href":"https:\/\/surfaceprep.ch\/de\/wp-json\/wp\/v2\/media?parent=737"}],"wp:term":[{"taxonomy":"product_brand","embeddable":true,"href":"https:\/\/surfaceprep.ch\/de\/wp-json\/wp\/v2\/product_brand?post=737"},{"taxonomy":"product_cat","embeddable":true,"href":"https:\/\/surfaceprep.ch\/de\/wp-json\/wp\/v2\/product_cat?post=737"},{"taxonomy":"product_tag","embeddable":true,"href":"https:\/\/surfaceprep.ch\/de\/wp-json\/wp\/v2\/product_tag?post=737"}],"curies":[{"name":"wp","href":"https:\/\/api.w.org\/{rel}","templated":true}]}}